{"id":1632,"date":"2017-01-08T18:13:44","date_gmt":"2017-01-08T21:13:44","guid":{"rendered":"http:\/\/testing.vinacobos.com\/?page_id=1632\/"},"modified":"2017-05-22T15:16:46","modified_gmt":"2017-05-22T18:16:46","slug":"legal","status":"publish","type":"page","link":"https:\/\/vinacobos.store\/pt-br\/legal\/","title":{"rendered":"Legal"},"content":{"rendered":"<p>[vc_row full_width=&#8221;stretch_row_content_no_spaces&#8221;][vc_column][vc_empty_space][\/vc_column][\/vc_row][vc_row][vc_column width=&#8221;1\/4&#8243;][\/vc_column][vc_column width=&#8221;3\/4&#8243;][vc_column_text]<\/p>\n<h4>Legal<\/h4>\n<p>As restri\u00e7\u00f5es legais para o consumo de \u00e1lcool podem variar de um pa\u00eds para outro. Por favor, respeite a idade permitida em seu pa\u00eds.<\/p>\n<p>A informa\u00e7\u00e3o pessoal fornecida \u00e0 Vi\u00f1a Cobos ao acessar este site ou entrar em contato conosco, ser\u00e1 utilizada unicamente para atender seus requerimentos, necessidades e interesses.<\/p>\n<p>N\u00e3o utilizamos informa\u00e7\u00e3o particular para outros fins, al\u00e9m da comunica\u00e7\u00e3o ou presta\u00e7\u00e3o de um melhor servi\u00e7o.<\/p>\n<p>Nossos contatos poder\u00e3o se descadastrar do banco de dados no momento que o desejarem, sendo que tal informa\u00e7\u00e3o n\u00e3o ser\u00e1 compartilhada com terceiros.[\/vc_column_text][\/vc_column][\/vc_row][vc_row][vc_column][vc_empty_space height=&#8221;50px&#8221;][\/vc_column][\/vc_row]<\/p>\n","protected":false},"excerpt":{"rendered":"<p>[vc_row full_width=&#8221;stretch_row_content_no_spaces&#8221;][vc_column][vc_empty_space][\/vc_column][\/vc_row][vc_row][vc_column width=&#8221;1\/4&#8243;][\/vc_column][vc_column width=&#8221;3\/4&#8243;][vc_column_text] Legal As restri\u00e7\u00f5es legais para o consumo de \u00e1lcool podem variar de um pa\u00eds para outro. Por favor, respeite a idade permitida em seu pa\u00eds. A<br class=\"read-more-spacer\"> <a class=\"more-link\" href=\"https:\/\/vinacobos.store\/pt-br\/legal\/\">Read More<\/a><\/p>\n","protected":false},"author":1,"featured_media":0,"parent":0,"menu_order":0,"comment_status":"closed","ping_status":"closed","template":"","meta":{"footnotes":""},"class_list":["post-1632","page","type-page","status-publish","hentry"],"acf":[],"_links":{"self":[{"href":"https:\/\/vinacobos.store\/pt-br\/wp-json\/wp\/v2\/pages\/1632","targetHints":{"allow":["GET"]}}],"collection":[{"href":"https:\/\/vinacobos.store\/pt-br\/wp-json\/wp\/v2\/pages"}],"about":[{"href":"https:\/\/vinacobos.store\/pt-br\/wp-json\/wp\/v2\/types\/page"}],"author":[{"embeddable":true,"href":"https:\/\/vinacobos.store\/pt-br\/wp-json\/wp\/v2\/users\/1"}],"replies":[{"embeddable":true,"href":"https:\/\/vinacobos.store\/pt-br\/wp-json\/wp\/v2\/comments?post=1632"}],"version-history":[{"count":4,"href":"https:\/\/vinacobos.store\/pt-br\/wp-json\/wp\/v2\/pages\/1632\/revisions"}],"predecessor-version":[{"id":2262,"href":"https:\/\/vinacobos.store\/pt-br\/wp-json\/wp\/v2\/pages\/1632\/revisions\/2262"}],"wp:attachment":[{"href":"https:\/\/vinacobos.store\/pt-br\/wp-json\/wp\/v2\/media?parent=1632"}],"curies":[{"name":"wp","href":"https:\/\/api.w.org\/{rel}","templated":true}]}}