{"id":1617,"date":"2016-03-10T09:22:08","date_gmt":"2016-03-10T09:22:08","guid":{"rendered":"http:\/\/testing.vinacobos.com\/?page_id=1617\/"},"modified":"2021-07-07T13:11:14","modified_gmt":"2021-07-07T16:11:14","slug":"contact","status":"publish","type":"page","link":"https:\/\/vinacobos.store\/pt-br\/contact\/","title":{"rendered":"Contacto"},"content":{"rendered":"<p>[vc_row full_width=&#8221;stretch_row_content_no_spaces&#8221;][vc_column][vc_gmaps link=&#8221;#E-8_JTNDaWZyYW1lJTIwc3JjJTNEJTIyaHR0cHMlM0ElMkYlMkZ3d3cuZ29vZ2xlLmNvbSUyRm1hcHMlMkZlbWJlZCUzRnBiJTNEJTIxMW0xOCUyMTFtMTIlMjExbTMlMjExZDMzNDIuNDYxMjEzMjYzNzIxJTIxMmQtNjguOTI2Mzc2NDg0OTMzOSUyMTNkLTMzLjA5Njk1NjU4Njg0MjY4JTIxMm0zJTIxMWYwJTIxMmYwJTIxM2YwJTIxM20yJTIxMWkxMDI0JTIxMmk3NjglMjE0ZjEzLjElMjEzbTMlMjExbTIlMjExczB4OTY3ZGRmNDVlNjYyZWRmMSUyNTNBMHgxYTVmZjBiNjQ1ZjBiNjQxJTIxMnNWaSUyNUMzJTI1QjFhJTJCQ29ib3MlMkJTLkEuJTIxNWUwJTIxM20yJTIxMXNlcy00MTklMjEyc2FyJTIxNHYxNDg3NjI4NDEyMDUzJTIyJTIwd2lkdGglM0QlMjIxNzAxJTIyJTIwaGVpZ2h0JTNEJTIyNTExJTIyJTIwZnJhbWVib3JkZXIlM0QlMjIwJTIyJTIwc3R5bGUlM0QlMjJib3JkZXIlM0EwJTIyJTIwYWxsb3dmdWxsc2NyZWVuJTNFJTNDJTJGaWZyYW1lJTNF&#8221;][\/vc_column][\/vc_row][vc_row][vc_column][vc_empty_space height=&#8221;50px&#8221;][\/vc_column][\/vc_row][vc_row][vc_column width=&#8221;1\/4&#8243;][\/vc_column][vc_column width=&#8221;1\/2&#8243;][vc_column_text css=&#8221;.vc_custom_1581949409146{margin-left: 70px !important;}&#8221;]<\/p>\n<p style=\"text-align: center;\"><strong>Vi\u00f1a Cobos<\/strong><br \/>\nCosta Flores y Ruta 7, Perdriel,<br \/>\nLuj\u00e1n de Cuyo &#8211; Mendoza &#8211; Argentina<\/p>\n<p style=\"text-align: center;\"><strong>Reservas de turismo: <\/strong>+54 9 261 6746689<br \/>\n<strong>Administra\u00e7\u00e3o:<\/strong> +54 9 261 6043832<\/p>\n<p>[\/vc_column_text][vc_column_text css=&#8221;.vc_custom_1625674252256{margin-left: 70px !important;}&#8221;]<\/p>\n<p style=\"text-align: center;\"><strong>Comercial<\/strong><br \/>\n<a href=\"mailto:sales@vinacobos.com\">sales@vinacobos.com<\/a><\/p>\n<p style=\"text-align: center;\"><strong>Fornecedores<\/strong><br \/>\n<a href=\"mailto:proveedores@vinacobos.com\">proveedores@vinacobos.com<\/a><\/p>\n<p style=\"text-align: center;\"><b class=\"b5\">Rela\u00e7\u00f5es P\u00fab<\/b><b class=\"b4\">licas<\/b><br \/>\n<a href=\"malito:macarenaesteller@vinacobos.com\">macarenaesteller@vinacobos.com<\/a><\/p>\n<p style=\"text-align: center;\"><strong>Visitas<\/strong><br \/>\n<a href=\"mailto:hospitality@vinacobos.com\">hospitality@vinacobos.com<\/a><\/p>\n<p style=\"text-align: center;\"><strong>Recursos Humanos<\/strong><br \/>\n<a href=\"mailto:recursoshumanos@vinacobos.com\">recursoshumanos@vinacobos.com<\/a><\/p>\n<p>[\/vc_column_text][\/vc_column][vc_column width=&#8221;1\/4&#8243;][\/vc_column][\/vc_row][vc_row][vc_column][vc_empty_space height=&#8221;100px&#8221;][\/vc_column][\/vc_row]<\/p>\n","protected":false},"excerpt":{"rendered":"<p>[vc_row full_width=&#8221;stretch_row_content_no_spaces&#8221;][vc_column][vc_gmaps link=&#8221;#E-8_JTNDaWZyYW1lJTIwc3JjJTNEJTIyaHR0cHMlM0ElMkYlMkZ3d3cuZ29vZ2xlLmNvbSUyRm1hcHMlMkZlbWJlZCUzRnBiJTNEJTIxMW0xOCUyMTFtMTIlMjExbTMlMjExZDMzNDIuNDYxMjEzMjYzNzIxJTIxMmQtNjguOTI2Mzc2NDg0OTMzOSUyMTNkLTMzLjA5Njk1NjU4Njg0MjY4JTIxMm0zJTIxMWYwJTIxMmYwJTIxM2YwJTIxM20yJTIxMWkxMDI0JTIxMmk3NjglMjE0ZjEzLjElMjEzbTMlMjExbTIlMjExczB4OTY3ZGRmNDVlNjYyZWRmMSUyNTNBMHgxYTVmZjBiNjQ1ZjBiNjQxJTIxMnNWaSUyNUMzJTI1QjFhJTJCQ29ib3MlMkJTLkEuJTIxNWUwJTIxM20yJTIxMXNlcy00MTklMjEyc2FyJTIxNHYxNDg3NjI4NDEyMDUzJTIyJTIwd2lkdGglM0QlMjIxNzAxJTIyJTIwaGVpZ2h0JTNEJTIyNTExJTIyJTIwZnJhbWVib3JkZXIlM0QlMjIwJTIyJTIwc3R5bGUlM0QlMjJib3JkZXIlM0EwJTIyJTIwYWxsb3dmdWxsc2NyZWVuJTNFJTNDJTJGaWZyYW1lJTNF&#8221;][\/vc_column][\/vc_row][vc_row][vc_column][vc_empty_space height=&#8221;50px&#8221;][\/vc_column][\/vc_row][vc_row][vc_column width=&#8221;1\/4&#8243;][\/vc_column][vc_column width=&#8221;1\/2&#8243;][vc_column_text css=&#8221;.vc_custom_1581949409146{margin-left: 70px !important;}&#8221;] Vi\u00f1a Cobos Costa Flores y Ruta 7, Perdriel, Luj\u00e1n de Cuyo &#8211; Mendoza &#8211; Argentina Reservas de turismo: +54 9 261<br class=\"read-more-spacer\"> <a class=\"more-link\" href=\"https:\/\/vinacobos.store\/pt-br\/contact\/\">Read More<\/a><\/p>\n","protected":false},"author":1,"featured_media":0,"parent":0,"menu_order":0,"comment_status":"closed","ping_status":"closed","template":"","meta":{"footnotes":""},"class_list":["post-1617","page","type-page","status-publish","hentry"],"acf":[],"_links":{"self":[{"href":"https:\/\/vinacobos.store\/pt-br\/wp-json\/wp\/v2\/pages\/1617","targetHints":{"allow":["GET"]}}],"collection":[{"href":"https:\/\/vinacobos.store\/pt-br\/wp-json\/wp\/v2\/pages"}],"about":[{"href":"https:\/\/vinacobos.store\/pt-br\/wp-json\/wp\/v2\/types\/page"}],"author":[{"embeddable":true,"href":"https:\/\/vinacobos.store\/pt-br\/wp-json\/wp\/v2\/users\/1"}],"replies":[{"embeddable":true,"href":"https:\/\/vinacobos.store\/pt-br\/wp-json\/wp\/v2\/comments?post=1617"}],"version-history":[{"count":17,"href":"https:\/\/vinacobos.store\/pt-br\/wp-json\/wp\/v2\/pages\/1617\/revisions"}],"predecessor-version":[{"id":6693,"href":"https:\/\/vinacobos.store\/pt-br\/wp-json\/wp\/v2\/pages\/1617\/revisions\/6693"}],"wp:attachment":[{"href":"https:\/\/vinacobos.store\/pt-br\/wp-json\/wp\/v2\/media?parent=1617"}],"curies":[{"name":"wp","href":"https:\/\/api.w.org\/{rel}","templated":true}]}}